{"id":14,"date":"2026-05-07T16:35:51","date_gmt":"2026-05-07T21:35:51","guid":{"rendered":"https:\/\/aslienergia.com.pe\/?page_id=14"},"modified":"2026-05-07T17:17:36","modified_gmt":"2026-05-07T22:17:36","slug":"nosotros","status":"publish","type":"page","link":"https:\/\/aslienergia.com.pe\/?page_id=14","title":{"rendered":"Nosotros"},"content":{"rendered":"\t\t<div data-elementor-type=\"wp-page\" data-elementor-id=\"14\" class=\"elementor elementor-14\" data-elementor-post-type=\"page\">\n\t\t\t\t<div class=\"elementor-element elementor-element-e06bf60 e-flex e-con-boxed e-con e-parent\" data-id=\"e06bf60\" data-element_type=\"container\" data-e-type=\"container\" data-settings=\"{&quot;background_background&quot;:&quot;classic&quot;}\">\n\t\t\t\t\t<div class=\"e-con-inner\">\n\t\t<div class=\"elementor-element elementor-element-98a81c1 e-con-full e-flex e-con e-child\" data-id=\"98a81c1\" data-element_type=\"container\" data-e-type=\"container\">\n\t\t\t\t<div class=\"elementor-element elementor-element-ede2952 elementor-widget elementor-widget-image\" data-id=\"ede2952\" data-element_type=\"widget\" data-e-type=\"widget\" data-widget_type=\"image.default\">\n\t\t\t\t\t\t\t\t\t\t\t\t\t\t\t<img decoding=\"async\" src=\"https:\/\/aslienergia.com.pe\/wp-content\/plugins\/elementor\/assets\/images\/placeholder.png\" title=\"\" alt=\"\" loading=\"lazy\" \/>\t\t\t\t\t\t\t\t\t\t\t\t\t\t\t<\/div>\n\t\t\t\t<\/div>\n\t\t<div class=\"elementor-element elementor-element-c5f5166 e-con-full e-flex e-con e-child\" data-id=\"c5f5166\" data-element_type=\"container\" data-e-type=\"container\">\n\t\t\t\t<div class=\"elementor-element elementor-element-4b45b59 elementor-widget elementor-widget-text-editor\" data-id=\"4b45b59\" data-element_type=\"widget\" data-e-type=\"widget\" data-widget_type=\"text-editor.default\">\n\t\t\t\t\t\t\t\t\t<p><span style=\"font-weight: 400;\">Somos una empresa especializada en el alquiler, venta y servicio de grupos electr\u00f3genos, con m\u00e1s de 6 a\u00f1os de experiencia brindando soluciones energ\u00e9ticas confiables a nivel nacional.<\/span><\/p><p><span style=\"font-weight: 400;\">Atendemos proyectos en sectores como construcci\u00f3n, miner\u00eda, industria, eventos y comercio, ofreciendo equipos desde 20 kW hasta 1,000 kW, adaptados a cada necesidad.<\/span><\/p><p><span style=\"font-weight: 400;\">Nuestro compromiso es garantizar continuidad operativa a nuestros clientes, con equipos de alta calidad, soporte t\u00e9cnico permanente y respuesta r\u00e1pida ante cualquier requerimiento.<\/span><\/p>\t\t\t\t\t\t\t\t<\/div>\n\t\t\t\t<\/div>\n\t\t\t\t\t<\/div>\n\t\t\t\t<\/div>\n\t\t<div class=\"elementor-element elementor-element-55cd2c6 e-flex e-con-boxed e-con e-parent\" data-id=\"55cd2c6\" data-element_type=\"container\" data-e-type=\"container\" data-settings=\"{&quot;background_background&quot;:&quot;gradient&quot;}\">\n\t\t\t\t\t<div class=\"e-con-inner\">\n\t\t\t\t<div class=\"elementor-element elementor-element-2b5b79f elementor-widget elementor-widget-spacer\" data-id=\"2b5b79f\" data-element_type=\"widget\" data-e-type=\"widget\" data-widget_type=\"spacer.default\">\n\t\t\t\t\t\t\t<div class=\"elementor-spacer\">\n\t\t\t<div class=\"elementor-spacer-inner\"><\/div>\n\t\t<\/div>\n\t\t\t\t\t\t<\/div>\n\t\t\t\t<div class=\"elementor-element elementor-element-e043e9e elementor-widget elementor-widget-heading\" data-id=\"e043e9e\" data-element_type=\"widget\" data-e-type=\"widget\" data-widget_type=\"heading.default\">\n\t\t\t\t\t<h2 class=\"elementor-heading-title elementor-size-default\">El Equipo<\/h2>\t\t\t\t<\/div>\n\t\t\t\t<div class=\"elementor-element elementor-element-c9b15cd elementor-widget elementor-widget-spacer\" data-id=\"c9b15cd\" data-element_type=\"widget\" data-e-type=\"widget\" data-widget_type=\"spacer.default\">\n\t\t\t\t\t\t\t<div class=\"elementor-spacer\">\n\t\t\t<div class=\"elementor-spacer-inner\"><\/div>\n\t\t<\/div>\n\t\t\t\t\t\t<\/div>\n\t\t\t\t<div class=\"elementor-element elementor-element-9a1210b elementor-widget elementor-widget-ucaddon_team_member_grid\" data-id=\"9a1210b\" data-element_type=\"widget\" data-e-type=\"widget\" data-widget_type=\"ucaddon_team_member_grid.default\">\n\t\t\t\t<div class=\"elementor-widget-container\">\n\t\t\t\t\t\n<!-- start Team Member Grid -->\n\t\t<link id='font-awesome-css' href='https:\/\/aslienergia.com.pe\/wp-content\/plugins\/unlimited-elements-for-elementor-premium\/assets_libraries\/font-awesome6\/fontawesome-all.min.css' type='text\/css' rel='stylesheet' >\n\t\t<link id='font-awesome-4-shim-css' href='https:\/\/aslienergia.com.pe\/wp-content\/plugins\/unlimited-elements-for-elementor-premium\/assets_libraries\/font-awesome6\/fontawesome-v4-shims.min.css' type='text\/css' rel='stylesheet' >\n\n<style>\/* widget: Team Member Grid *\/\n\n\n\n#uc_team_member_grid_elementor_9a1210b *{\n  box-sizing:border-box;\n}\n#uc_team_member_grid_elementor_9a1210b\n{\n  position:relative;\n  display:grid;\n}\n\n\n#uc_team_member_grid_elementor_9a1210b .team_member_grid_image_container\n{\n  display:inline-block;\n  overflow:hidden;\n  position:relative;\n  vertical-align:bottom;\n}\n\n\n#uc_team_member_grid_elementor_9a1210b .team_member_grid_image\n{\n  vertical-align:bottom;\n}\n\n#uc_team_member_grid_elementor_9a1210b .team_member_grid_image img\n{\n  object-fit:cover;\n  width:100%;\n  display:block;\n  transition:0.5s;\n  vertical-align:bottom;\n}\n#uc_team_member_grid_elementor_9a1210b .ue_grid_item\n{\n  position:relative;\n  overflow:hidden;  display:flex;\n  flex-direction:column;\n\n}\n.team_member_grid_title\n{\n  font-size:18px;\n}\n\n#uc_team_member_grid_elementor_9a1210b .team_member_grid_icons a\n{\n  display:inline-flex;\n  text-decoration:none;\n  align-items:center;\n  justify-content:center;\n  line-height:1em;\n  transition:0.3s;\n}\n\n#uc_team_member_grid_elementor_9a1210b .team_member_grid_icons a svg\n{\n  width:1em;\n  height:1em;\n}\n\n#uc_team_member_grid_elementor_9a1210b .uc_more_btn\n{\n  transition:0.3s;\n  text-align:center;\n  text-decoration:none;\n}\n\n#uc_team_member_grid_elementor_9a1210b .team_member_grid_image_overlay\n{\n  position:absolute;\n  top:0;\n  left:0;\n  transition:0.3s;\n  display:flex;\n  flex-direction:column;\n  justify-content:center;\n  align-items:center;\n}\n\n#uc_team_member_grid_elementor_9a1210b .team_member_grid_content\n{\n  display:flex;\n  flex-direction:column;\n  flex-grow: 1;\n}\n\n\n#uc_team_member_grid_elementor_9a1210b .team_member_grid_content .team_member_grid_text\n{\nflex-grow: 1;\n}\n\n#uc_team_member_grid_elementor_9a1210b .team_member_grid_content .team_member_grid_icons\n{\n  margin-top:auto;\n}\n\n#uc_team_member_grid_elementor_9a1210b .ue-company-logo img\n{\n  width:100%;\n}\n\n\n<\/style>\n\n<div id=\"uc_team_member_grid_elementor_9a1210b\" class=\"team_member_grid uc-items-wrapper  \" >\n  \n<div class=\"ue_grid_item\">\n  <div class=\"team_member_grid_header\">\n    \n          <div class=\"team_member_grid_image\">\n        <div class=\"team_member_grid_image_container\">\n          <img decoding=\"async\" src=\"https:\/\/aslienergia.com.pe\/wp-content\/uploads\/ac_assets\/team_member_grid\/avatar.jpeg\" alt=\"\"  src=\"https:\/\/aslienergia.com.pe\/wp-content\/uploads\/ac_assets\/team_member_grid\/avatar.jpeg\">\n          <div class=\"team_member_grid_image_overlay\">\n            \t\n                                  <\/div>\n        <\/div>\n      <\/div>\n    \n    \t\n    \t\n          \n        \n  <\/div>\n  \n  <div class=\"team_member_grid_content\">\n        \n    <div class=\"team_member_grid_title\">Tiffany Patrick<\/div>\t\n    <div class=\"team_member_grid_subtitle\">Web Creator<\/div>        \n    \n    <div class=\"team_member_grid_text\">Plan, create and code internet sites and web pages.<\/div>\t\n    <div class=\"team_member_grid_icons\">\n  <a class=\"\" href=\"#\" ><i class='fab fa-facebook-f'><\/i><\/a>\t\n  <a class=\"\" href=\"#\" ><i class='fab fa-twitter'><\/i><\/a>\t\n  <a class=\"\" href=\"#\" ><i class='fab fa-instagram'><\/i><\/a>\t\n  \t\n<\/div>\n    \n        \n  <\/div>\n  \n    \n<\/div>\n\n<div class=\"ue_grid_item\">\n  <div class=\"team_member_grid_header\">\n    \n          <div class=\"team_member_grid_image\">\n        <div class=\"team_member_grid_image_container\">\n          <img decoding=\"async\" src=\"https:\/\/aslienergia.com.pe\/wp-content\/uploads\/ac_assets\/team_member_grid\/avatar.jpeg\" alt=\"\"  src=\"https:\/\/aslienergia.com.pe\/wp-content\/uploads\/ac_assets\/team_member_grid\/avatar.jpeg\">\n          <div class=\"team_member_grid_image_overlay\">\n            \t\n                                  <\/div>\n        <\/div>\n      <\/div>\n    \n    \t\n    \t\n          \n        \n  <\/div>\n  \n  <div class=\"team_member_grid_content\">\n        \n    <div class=\"team_member_grid_title\">Ernie Wilks<\/div>\t\n    <div class=\"team_member_grid_subtitle\">Web Creator<\/div>        \n    \n    <div class=\"team_member_grid_text\">Plan, create and code internet sites and web pages.<\/div>\t\n    <div class=\"team_member_grid_icons\">\n  <a class=\"\" href=\"#\" ><i class='fab fa-facebook-f'><\/i><\/a>\t\n  <a class=\"\" href=\"#\" ><i class='fab fa-twitter'><\/i><\/a>\t\n  <a class=\"\" href=\"#\" ><i class='fab fa-instagram'><\/i><\/a>\t\n  \t\n<\/div>\n    \n        \n  <\/div>\n  \n    \n<\/div>\n\n<div class=\"ue_grid_item\">\n  <div class=\"team_member_grid_header\">\n    \n          <div class=\"team_member_grid_image\">\n        <div class=\"team_member_grid_image_container\">\n          <img decoding=\"async\" src=\"https:\/\/aslienergia.com.pe\/wp-content\/uploads\/ac_assets\/team_member_grid\/avatar.jpeg\" alt=\"\"  src=\"https:\/\/aslienergia.com.pe\/wp-content\/uploads\/ac_assets\/team_member_grid\/avatar.jpeg\">\n          <div class=\"team_member_grid_image_overlay\">\n            \t\n                                  <\/div>\n        <\/div>\n      <\/div>\n    \n    \t\n    \t\n          \n        \n  <\/div>\n  \n  <div class=\"team_member_grid_content\">\n        \n    <div class=\"team_member_grid_title\">Celeste Munro<\/div>\t\n    <div class=\"team_member_grid_subtitle\">Web Creator<\/div>        \n    \n    <div class=\"team_member_grid_text\">Plan, create and code internet sites and web pages.<\/div>\t\n    <div class=\"team_member_grid_icons\">\n  <a class=\"\" href=\"#\" ><i class='fab fa-facebook-f'><\/i><\/a>\t\n  <a class=\"\" href=\"#\" ><i class='fab fa-twitter'><\/i><\/a>\t\n  <a class=\"\" href=\"#\" ><i class='fab fa-instagram'><\/i><\/a>\t\n  \t\n<\/div>\n    \n        \n  <\/div>\n  \n    \n<\/div>\n\n<\/div>\n<!-- end Team Member Grid -->\t\t\t\t<\/div>\n\t\t\t\t<\/div>\n\t\t\t\t<div class=\"elementor-element elementor-element-fabe3d7 elementor-widget elementor-widget-spacer\" data-id=\"fabe3d7\" data-element_type=\"widget\" data-e-type=\"widget\" data-widget_type=\"spacer.default\">\n\t\t\t\t\t\t\t<div class=\"elementor-spacer\">\n\t\t\t<div class=\"elementor-spacer-inner\"><\/div>\n\t\t<\/div>\n\t\t\t\t\t\t<\/div>\n\t\t\t\t\t<\/div>\n\t\t\t\t<\/div>\n\t\t\t\t<\/div>\n\t\t","protected":false},"excerpt":{"rendered":"<p>Somos una empresa especializada en el alquiler, venta y servicio de grupos electr\u00f3genos, con m\u00e1s de 6 a\u00f1os de experiencia [&hellip;]<\/p>\n","protected":false},"author":1,"featured_media":0,"parent":0,"menu_order":0,"comment_status":"closed","ping_status":"closed","template":"","meta":{"_acf_changed":false,"site-sidebar-layout":"no-sidebar","site-content-layout":"","ast-site-content-layout":"full-width-container","site-content-style":"default","site-sidebar-style":"default","ast-global-header-display":"","ast-banner-title-visibility":"","ast-main-header-display":"","ast-hfb-above-header-display":"","ast-hfb-below-header-display":"","ast-hfb-mobile-header-display":"","site-post-title":"disabled","ast-breadcrumbs-content":"","ast-featured-img":"disabled","footer-sml-layout":"","ast-disable-related-posts":"","theme-transparent-header-meta":"","adv-header-id-meta":"","stick-header-meta":"","header-above-stick-meta":"","header-main-stick-meta":"","header-below-stick-meta":"","astra-migrate-meta-layouts":"default","ast-page-background-enabled":"default","ast-page-background-meta":{"desktop":{"background-color":"var(--ast-global-color-5)","background-image":"","background-repeat":"repeat","background-position":"center center","background-size":"auto","background-attachment":"scroll","background-type":"","background-media":"","overlay-type":"","overlay-color":"","overlay-opacity":"","overlay-gradient":""},"tablet":{"background-color":"","background-image":"","background-repeat":"repeat","background-position":"center center","background-size":"auto","background-attachment":"scroll","background-type":"","background-media":"","overlay-type":"","overlay-color":"","overlay-opacity":"","overlay-gradient":""},"mobile":{"background-color":"","background-image":"","background-repeat":"repeat","background-position":"center center","background-size":"auto","background-attachment":"scroll","background-type":"","background-media":"","overlay-type":"","overlay-color":"","overlay-opacity":"","overlay-gradient":""}},"ast-content-background-meta":{"desktop":{"background-color":"var(--ast-global-color-4)","background-image":"","background-repeat":"repeat","background-position":"center center","background-size":"auto","background-attachment":"scroll","background-type":"","background-media":"","overlay-type":"","overlay-color":"","overlay-opacity":"","overlay-gradient":""},"tablet":{"background-color":"var(--ast-global-color-4)","background-image":"","background-repeat":"repeat","background-position":"center center","background-size":"auto","background-attachment":"scroll","background-type":"","background-media":"","overlay-type":"","overlay-color":"","overlay-opacity":"","overlay-gradient":""},"mobile":{"background-color":"var(--ast-global-color-4)","background-image":"","background-repeat":"repeat","background-position":"center center","background-size":"auto","background-attachment":"scroll","background-type":"","background-media":"","overlay-type":"","overlay-color":"","overlay-opacity":"","overlay-gradient":""}},"footnotes":""},"class_list":["post-14","page","type-page","status-publish","hentry"],"acf":[],"_links":{"self":[{"href":"https:\/\/aslienergia.com.pe\/index.php?rest_route=\/wp\/v2\/pages\/14","targetHints":{"allow":["GET"]}}],"collection":[{"href":"https:\/\/aslienergia.com.pe\/index.php?rest_route=\/wp\/v2\/pages"}],"about":[{"href":"https:\/\/aslienergia.com.pe\/index.php?rest_route=\/wp\/v2\/types\/page"}],"author":[{"embeddable":true,"href":"https:\/\/aslienergia.com.pe\/index.php?rest_route=\/wp\/v2\/users\/1"}],"replies":[{"embeddable":true,"href":"https:\/\/aslienergia.com.pe\/index.php?rest_route=%2Fwp%2Fv2%2Fcomments&post=14"}],"version-history":[{"count":19,"href":"https:\/\/aslienergia.com.pe\/index.php?rest_route=\/wp\/v2\/pages\/14\/revisions"}],"predecessor-version":[{"id":88,"href":"https:\/\/aslienergia.com.pe\/index.php?rest_route=\/wp\/v2\/pages\/14\/revisions\/88"}],"wp:attachment":[{"href":"https:\/\/aslienergia.com.pe\/index.php?rest_route=%2Fwp%2Fv2%2Fmedia&parent=14"}],"curies":[{"name":"wp","href":"https:\/\/api.w.org\/{rel}","templated":true}]}}